{"id":28,"date":"2025-03-17T09:52:36","date_gmt":"2025-03-17T12:52:36","guid":{"rendered":"https:\/\/www.chirosw.ca\/?page_id=28"},"modified":"2025-06-05T00:17:17","modified_gmt":"2025-06-05T03:17:17","slug":"accueil","status":"publish","type":"page","link":"https:\/\/www.chirosw.ca\/fr\/","title":{"rendered":"Accueil"},"content":{"rendered":"","protected":false},"excerpt":{"rendered":"","protected":false},"author":1,"featured_media":0,"parent":0,"menu_order":0,"comment_status":"closed","ping_status":"closed","template":"","meta":{"footnotes":""},"class_list":["post-28","page","type-page","status-publish","hentry"],"yoast_head":"<!-- This site is optimized with the Yoast SEO plugin v27.4 - https:\/\/yoast.com\/product\/yoast-seo-wordpress\/ -->\n<title>Chiro Sant\u00e9 &amp; Wellness - Soins chiropratiques \u00e0 Shediac<\/title>\n<meta name=\"description\" content=\"Des soins chiropratiques experts \u00e0 Shediac, NB. Ajustements vert\u00e9braux, th\u00e9rapie laser, acupuncture &amp; orth\u00e8ses. Soulagement de la douleur et mobilit\u00e9. Nouveaux patients bienvenus.\" \/>\n<meta name=\"robots\" content=\"index, follow, max-snippet:-1, max-image-preview:large, max-video-preview:-1\" \/>\n<link rel=\"canonical\" href=\"https:\/\/www.chirosw.ca\/fr\/\" \/>\n<meta property=\"og:locale\" content=\"fr_FR\" \/>\n<meta property=\"og:type\" content=\"article\" \/>\n<meta property=\"og:title\" content=\"Chiro Sant\u00e9 &amp; Wellness - Soins chiropratiques \u00e0 Shediac\" \/>\n<meta property=\"og:description\" content=\"Des soins chiropratiques experts \u00e0 Shediac, NB. Ajustements vert\u00e9braux, th\u00e9rapie laser, acupuncture &amp; orth\u00e8ses. Soulagement de la douleur et mobilit\u00e9. Nouveaux patients bienvenus.\" \/>\n<meta property=\"og:url\" content=\"https:\/\/www.chirosw.ca\/fr\/\" \/>\n<meta property=\"og:site_name\" content=\"Chiro Sant\u00e9 &amp; Wellness\" \/>\n<meta property=\"article:publisher\" content=\"https:\/\/www.facebook.com\/profile.php?id=61572643233813\" \/>\n<meta property=\"article:modified_time\" content=\"2025-06-05T03:17:17+00:00\" \/>\n<meta property=\"og:image\" content=\"https:\/\/www.chirosw.ca\/wp-content\/uploads\/sites\/62\/2025\/06\/chirosw-site-image_C.jpg\" \/>\n\t<meta property=\"og:image:width\" content=\"1200\" \/>\n\t<meta property=\"og:image:height\" content=\"675\" \/>\n\t<meta property=\"og:image:type\" content=\"image\/jpeg\" \/>\n<meta name=\"twitter:card\" content=\"summary_large_image\" \/>\n<script type=\"application\/ld+json\" class=\"yoast-schema-graph\">{\"@context\":\"https:\\\/\\\/schema.org\",\"@graph\":[{\"@type\":\"WebPage\",\"@id\":\"https:\\\/\\\/www.chirosw.ca\\\/fr\\\/\",\"url\":\"https:\\\/\\\/www.chirosw.ca\\\/fr\\\/\",\"name\":\"Chiro Sant\u00e9 &amp; Wellness - Soins chiropratiques \u00e0 Shediac\",\"isPartOf\":{\"@id\":\"https:\\\/\\\/www.chirosw.ca\\\/fr\\\/#website\"},\"datePublished\":\"2025-03-17T12:52:36+00:00\",\"dateModified\":\"2025-06-05T03:17:17+00:00\",\"description\":\"Des soins chiropratiques experts \u00e0 Shediac, NB. Ajustements vert\u00e9braux, th\u00e9rapie laser, acupuncture & orth\u00e8ses. Soulagement de la douleur et mobilit\u00e9. Nouveaux patients bienvenus.\",\"breadcrumb\":{\"@id\":\"https:\\\/\\\/www.chirosw.ca\\\/fr\\\/#breadcrumb\"},\"inLanguage\":\"fr-FR\",\"potentialAction\":[{\"@type\":\"ReadAction\",\"target\":[\"https:\\\/\\\/www.chirosw.ca\\\/fr\\\/\"]}]},{\"@type\":\"BreadcrumbList\",\"@id\":\"https:\\\/\\\/www.chirosw.ca\\\/fr\\\/#breadcrumb\",\"itemListElement\":[{\"@type\":\"ListItem\",\"position\":1,\"name\":\"Home\",\"item\":\"https:\\\/\\\/www.chirosw.ca\\\/fr\\\/\"},{\"@type\":\"ListItem\",\"position\":2,\"name\":\"Accueil\"}]},{\"@type\":\"WebSite\",\"@id\":\"https:\\\/\\\/www.chirosw.ca\\\/fr\\\/#website\",\"url\":\"https:\\\/\\\/www.chirosw.ca\\\/fr\\\/\",\"name\":\"Chiro Sant\u00e9 & Wellness\",\"description\":\"\",\"publisher\":{\"@id\":\"https:\\\/\\\/www.chirosw.ca\\\/fr\\\/#organization\"},\"potentialAction\":[{\"@type\":\"SearchAction\",\"target\":{\"@type\":\"EntryPoint\",\"urlTemplate\":\"https:\\\/\\\/www.chirosw.ca\\\/fr\\\/?s={search_term_string}\"},\"query-input\":{\"@type\":\"PropertyValueSpecification\",\"valueRequired\":true,\"valueName\":\"search_term_string\"}}],\"inLanguage\":\"fr-FR\"},{\"@type\":\"Organization\",\"@id\":\"https:\\\/\\\/www.chirosw.ca\\\/fr\\\/#organization\",\"name\":\"Chiro Sant\u00e9 & Wellness\",\"url\":\"https:\\\/\\\/www.chirosw.ca\\\/fr\\\/\",\"logo\":{\"@type\":\"ImageObject\",\"inLanguage\":\"fr-FR\",\"@id\":\"https:\\\/\\\/www.chirosw.ca\\\/fr\\\/#\\\/schema\\\/logo\\\/image\\\/\",\"url\":\"https:\\\/\\\/www.chirosw.ca\\\/wp-content\\\/uploads\\\/sites\\\/62\\\/2025\\\/06\\\/ChiroSanteWellness_logo_ver-color.png\",\"contentUrl\":\"https:\\\/\\\/www.chirosw.ca\\\/wp-content\\\/uploads\\\/sites\\\/62\\\/2025\\\/06\\\/ChiroSanteWellness_logo_ver-color.png\",\"width\":827,\"height\":866,\"caption\":\"Chiro Sant\u00e9 & Wellness\"},\"image\":{\"@id\":\"https:\\\/\\\/www.chirosw.ca\\\/fr\\\/#\\\/schema\\\/logo\\\/image\\\/\"},\"sameAs\":[\"https:\\\/\\\/www.facebook.com\\\/profile.php?id=61572643233813\"]}]}<\/script>\n<!-- \/ Yoast SEO plugin. -->","yoast_head_json":{"title":"Chiro Sant\u00e9 &amp; Wellness - Soins chiropratiques \u00e0 Shediac","description":"Des soins chiropratiques experts \u00e0 Shediac, NB. Ajustements vert\u00e9braux, th\u00e9rapie laser, acupuncture & orth\u00e8ses. Soulagement de la douleur et mobilit\u00e9. Nouveaux patients bienvenus.","robots":{"index":"index","follow":"follow","max-snippet":"max-snippet:-1","max-image-preview":"max-image-preview:large","max-video-preview":"max-video-preview:-1"},"canonical":"https:\/\/www.chirosw.ca\/fr\/","og_locale":"fr_FR","og_type":"article","og_title":"Chiro Sant\u00e9 &amp; Wellness - Soins chiropratiques \u00e0 Shediac","og_description":"Des soins chiropratiques experts \u00e0 Shediac, NB. Ajustements vert\u00e9braux, th\u00e9rapie laser, acupuncture & orth\u00e8ses. Soulagement de la douleur et mobilit\u00e9. Nouveaux patients bienvenus.","og_url":"https:\/\/www.chirosw.ca\/fr\/","og_site_name":"Chiro Sant\u00e9 &amp; Wellness","article_publisher":"https:\/\/www.facebook.com\/profile.php?id=61572643233813","article_modified_time":"2025-06-05T03:17:17+00:00","og_image":[{"width":1200,"height":675,"url":"https:\/\/www.chirosw.ca\/wp-content\/uploads\/sites\/62\/2025\/06\/chirosw-site-image_C.jpg","type":"image\/jpeg"}],"twitter_card":"summary_large_image","schema":{"@context":"https:\/\/schema.org","@graph":[{"@type":"WebPage","@id":"https:\/\/www.chirosw.ca\/fr\/","url":"https:\/\/www.chirosw.ca\/fr\/","name":"Chiro Sant\u00e9 &amp; Wellness - Soins chiropratiques \u00e0 Shediac","isPartOf":{"@id":"https:\/\/www.chirosw.ca\/fr\/#website"},"datePublished":"2025-03-17T12:52:36+00:00","dateModified":"2025-06-05T03:17:17+00:00","description":"Des soins chiropratiques experts \u00e0 Shediac, NB. Ajustements vert\u00e9braux, th\u00e9rapie laser, acupuncture & orth\u00e8ses. Soulagement de la douleur et mobilit\u00e9. Nouveaux patients bienvenus.","breadcrumb":{"@id":"https:\/\/www.chirosw.ca\/fr\/#breadcrumb"},"inLanguage":"fr-FR","potentialAction":[{"@type":"ReadAction","target":["https:\/\/www.chirosw.ca\/fr\/"]}]},{"@type":"BreadcrumbList","@id":"https:\/\/www.chirosw.ca\/fr\/#breadcrumb","itemListElement":[{"@type":"ListItem","position":1,"name":"Home","item":"https:\/\/www.chirosw.ca\/fr\/"},{"@type":"ListItem","position":2,"name":"Accueil"}]},{"@type":"WebSite","@id":"https:\/\/www.chirosw.ca\/fr\/#website","url":"https:\/\/www.chirosw.ca\/fr\/","name":"Chiro Sant\u00e9 & Wellness","description":"","publisher":{"@id":"https:\/\/www.chirosw.ca\/fr\/#organization"},"potentialAction":[{"@type":"SearchAction","target":{"@type":"EntryPoint","urlTemplate":"https:\/\/www.chirosw.ca\/fr\/?s={search_term_string}"},"query-input":{"@type":"PropertyValueSpecification","valueRequired":true,"valueName":"search_term_string"}}],"inLanguage":"fr-FR"},{"@type":"Organization","@id":"https:\/\/www.chirosw.ca\/fr\/#organization","name":"Chiro Sant\u00e9 & Wellness","url":"https:\/\/www.chirosw.ca\/fr\/","logo":{"@type":"ImageObject","inLanguage":"fr-FR","@id":"https:\/\/www.chirosw.ca\/fr\/#\/schema\/logo\/image\/","url":"https:\/\/www.chirosw.ca\/wp-content\/uploads\/sites\/62\/2025\/06\/ChiroSanteWellness_logo_ver-color.png","contentUrl":"https:\/\/www.chirosw.ca\/wp-content\/uploads\/sites\/62\/2025\/06\/ChiroSanteWellness_logo_ver-color.png","width":827,"height":866,"caption":"Chiro Sant\u00e9 & Wellness"},"image":{"@id":"https:\/\/www.chirosw.ca\/fr\/#\/schema\/logo\/image\/"},"sameAs":["https:\/\/www.facebook.com\/profile.php?id=61572643233813"]}]}},"_links":{"self":[{"href":"https:\/\/www.chirosw.ca\/fr\/wp-json\/wp\/v2\/pages\/28","targetHints":{"allow":["GET"]}}],"collection":[{"href":"https:\/\/www.chirosw.ca\/fr\/wp-json\/wp\/v2\/pages"}],"about":[{"href":"https:\/\/www.chirosw.ca\/fr\/wp-json\/wp\/v2\/types\/page"}],"author":[{"embeddable":true,"href":"https:\/\/www.chirosw.ca\/fr\/wp-json\/wp\/v2\/users\/1"}],"replies":[{"embeddable":true,"href":"https:\/\/www.chirosw.ca\/fr\/wp-json\/wp\/v2\/comments?post=28"}],"version-history":[{"count":1,"href":"https:\/\/www.chirosw.ca\/fr\/wp-json\/wp\/v2\/pages\/28\/revisions"}],"predecessor-version":[{"id":30,"href":"https:\/\/www.chirosw.ca\/fr\/wp-json\/wp\/v2\/pages\/28\/revisions\/30"}],"wp:attachment":[{"href":"https:\/\/www.chirosw.ca\/fr\/wp-json\/wp\/v2\/media?parent=28"}],"curies":[{"name":"wp","href":"https:\/\/api.w.org\/{rel}","templated":true}]}}